{"id":182,"date":"2020-10-21T19:39:06","date_gmt":"2020-10-21T19:39:06","guid":{"rendered":"http:\/\/cryowood.de\/?page_id=182"},"modified":"2020-10-22T20:07:09","modified_gmt":"2020-10-22T20:07:09","slug":"ketten-anhaenger","status":"publish","type":"page","link":"https:\/\/cryowood.de\/?page_id=182","title":{"rendered":"KETTEN &#038; ANH\u00c4NGER"},"content":{"rendered":"\t\t<div data-elementor-type=\"wp-page\" data-elementor-id=\"182\" class=\"elementor elementor-182\" data-elementor-settings=\"[]\">\n\t\t\t\t\t\t<div class=\"elementor-inner\">\n\t\t\t\t\t\t\t<div class=\"elementor-section-wrap\">\n\t\t\t\t\t\t\t<section class=\"elementor-section elementor-top-section elementor-element elementor-element-5ddc098 elementor-section-boxed elementor-section-height-default elementor-section-height-default\" data-id=\"5ddc098\" data-element_type=\"section\">\n\t\t\t\t\t\t<div class=\"elementor-container elementor-column-gap-default\">\n\t\t\t\t\t\t\t<div class=\"elementor-row\">\n\t\t\t\t\t<div class=\"elementor-column elementor-col-100 elementor-top-column elementor-element elementor-element-8989ca8\" data-id=\"8989ca8\" data-element_type=\"column\">\n\t\t\t<div class=\"elementor-column-wrap elementor-element-populated\">\n\t\t\t\t\t\t\t<div class=\"elementor-widget-wrap\">\n\t\t\t\t\t\t<div class=\"elementor-element elementor-element-9d3efaf elementor-widget elementor-widget-image\" data-id=\"9d3efaf\" data-element_type=\"widget\" data-widget_type=\"image.default\">\n\t\t\t\t<div class=\"elementor-widget-container\">\n\t\t\t\t\t<div class=\"elementor-image\">\n\t\t\t\t\t\t\t\t\t\t<img width=\"1024\" height=\"768\" src=\"https:\/\/cryowood.de\/wp-content\/uploads\/2020\/10\/20201021_185249-1024x768.jpg\" class=\"attachment-large size-large\" alt=\"\" loading=\"lazy\" srcset=\"https:\/\/cryowood.de\/wp-content\/uploads\/2020\/10\/20201021_185249-1024x768.jpg 1024w, https:\/\/cryowood.de\/wp-content\/uploads\/2020\/10\/20201021_185249-300x225.jpg 300w, https:\/\/cryowood.de\/wp-content\/uploads\/2020\/10\/20201021_185249-768x576.jpg 768w, https:\/\/cryowood.de\/wp-content\/uploads\/2020\/10\/20201021_185249-1536x1152.jpg 1536w, https:\/\/cryowood.de\/wp-content\/uploads\/2020\/10\/20201021_185249-2048x1536.jpg 2048w\" sizes=\"(max-width: 1024px) 100vw, 1024px\" \/>\t\t\t\t\t\t\t\t\t\t\t<\/div>\n\t\t\t\t<\/div>\n\t\t\t\t<\/div>\n\t\t\t\t\t\t<\/div>\n\t\t\t\t\t<\/div>\n\t\t<\/div>\n\t\t\t\t\t\t\t\t<\/div>\n\t\t\t\t\t<\/div>\n\t\t<\/section>\n\t\t\t\t<section class=\"elementor-section elementor-top-section elementor-element elementor-element-167ff62 elementor-section-boxed elementor-section-height-default elementor-section-height-default\" data-id=\"167ff62\" data-element_type=\"section\">\n\t\t\t\t\t\t<div class=\"elementor-container elementor-column-gap-default\">\n\t\t\t\t\t\t\t<div class=\"elementor-row\">\n\t\t\t\t\t<div class=\"elementor-column elementor-col-33 elementor-top-column elementor-element elementor-element-3476d1c\" data-id=\"3476d1c\" data-element_type=\"column\">\n\t\t\t<div class=\"elementor-column-wrap elementor-element-populated\">\n\t\t\t\t\t\t\t<div class=\"elementor-widget-wrap\">\n\t\t\t\t\t\t<div class=\"elementor-element elementor-element-f9fd417 elementor-widget elementor-widget-image\" data-id=\"f9fd417\" data-element_type=\"widget\" data-widget_type=\"image.default\">\n\t\t\t\t<div class=\"elementor-widget-container\">\n\t\t\t\t\t<div class=\"elementor-image\">\n\t\t\t\t\t\t\t\t\t\t<img width=\"1024\" height=\"768\" src=\"https:\/\/cryowood.de\/wp-content\/uploads\/2020\/10\/20201021_185510-1024x768.jpg\" class=\"attachment-large size-large\" alt=\"\" loading=\"lazy\" srcset=\"https:\/\/cryowood.de\/wp-content\/uploads\/2020\/10\/20201021_185510-1024x768.jpg 1024w, https:\/\/cryowood.de\/wp-content\/uploads\/2020\/10\/20201021_185510-300x225.jpg 300w, https:\/\/cryowood.de\/wp-content\/uploads\/2020\/10\/20201021_185510-768x576.jpg 768w, https:\/\/cryowood.de\/wp-content\/uploads\/2020\/10\/20201021_185510-1536x1152.jpg 1536w, https:\/\/cryowood.de\/wp-content\/uploads\/2020\/10\/20201021_185510-2048x1536.jpg 2048w\" sizes=\"(max-width: 1024px) 100vw, 1024px\" \/>\t\t\t\t\t\t\t\t\t\t\t<\/div>\n\t\t\t\t<\/div>\n\t\t\t\t<\/div>\n\t\t\t\t\t\t<\/div>\n\t\t\t\t\t<\/div>\n\t\t<\/div>\n\t\t\t\t<div class=\"elementor-column elementor-col-33 elementor-top-column elementor-element elementor-element-6b9d9a9\" data-id=\"6b9d9a9\" data-element_type=\"column\">\n\t\t\t<div class=\"elementor-column-wrap elementor-element-populated\">\n\t\t\t\t\t\t\t<div class=\"elementor-widget-wrap\">\n\t\t\t\t\t\t<div class=\"elementor-element elementor-element-37f719a elementor-widget elementor-widget-image\" data-id=\"37f719a\" data-element_type=\"widget\" data-widget_type=\"image.default\">\n\t\t\t\t<div class=\"elementor-widget-container\">\n\t\t\t\t\t<div class=\"elementor-image\">\n\t\t\t\t\t\t\t\t\t\t<img width=\"1024\" height=\"768\" src=\"https:\/\/cryowood.de\/wp-content\/uploads\/2020\/10\/20201021_182053-1024x768.jpg\" class=\"attachment-large size-large\" alt=\"\" loading=\"lazy\" srcset=\"https:\/\/cryowood.de\/wp-content\/uploads\/2020\/10\/20201021_182053-1024x768.jpg 1024w, https:\/\/cryowood.de\/wp-content\/uploads\/2020\/10\/20201021_182053-300x225.jpg 300w, https:\/\/cryowood.de\/wp-content\/uploads\/2020\/10\/20201021_182053-768x576.jpg 768w, https:\/\/cryowood.de\/wp-content\/uploads\/2020\/10\/20201021_182053-1536x1152.jpg 1536w, https:\/\/cryowood.de\/wp-content\/uploads\/2020\/10\/20201021_182053-2048x1536.jpg 2048w\" sizes=\"(max-width: 1024px) 100vw, 1024px\" \/>\t\t\t\t\t\t\t\t\t\t\t<\/div>\n\t\t\t\t<\/div>\n\t\t\t\t<\/div>\n\t\t\t\t\t\t<\/div>\n\t\t\t\t\t<\/div>\n\t\t<\/div>\n\t\t\t\t<div class=\"elementor-column elementor-col-33 elementor-top-column elementor-element elementor-element-2a18fee\" data-id=\"2a18fee\" data-element_type=\"column\">\n\t\t\t<div class=\"elementor-column-wrap elementor-element-populated\">\n\t\t\t\t\t\t\t<div class=\"elementor-widget-wrap\">\n\t\t\t\t\t\t<div class=\"elementor-element elementor-element-833d88e elementor-widget elementor-widget-image\" data-id=\"833d88e\" data-element_type=\"widget\" data-widget_type=\"image.default\">\n\t\t\t\t<div class=\"elementor-widget-container\">\n\t\t\t\t\t<div class=\"elementor-image\">\n\t\t\t\t\t\t\t\t\t\t<img width=\"1024\" height=\"768\" src=\"https:\/\/cryowood.de\/wp-content\/uploads\/2020\/10\/20201021_182032-1024x768.jpg\" class=\"attachment-large size-large\" alt=\"\" loading=\"lazy\" srcset=\"https:\/\/cryowood.de\/wp-content\/uploads\/2020\/10\/20201021_182032-1024x768.jpg 1024w, https:\/\/cryowood.de\/wp-content\/uploads\/2020\/10\/20201021_182032-300x225.jpg 300w, https:\/\/cryowood.de\/wp-content\/uploads\/2020\/10\/20201021_182032-768x576.jpg 768w, https:\/\/cryowood.de\/wp-content\/uploads\/2020\/10\/20201021_182032-1536x1152.jpg 1536w, https:\/\/cryowood.de\/wp-content\/uploads\/2020\/10\/20201021_182032-2048x1536.jpg 2048w\" sizes=\"(max-width: 1024px) 100vw, 1024px\" \/>\t\t\t\t\t\t\t\t\t\t\t<\/div>\n\t\t\t\t<\/div>\n\t\t\t\t<\/div>\n\t\t\t\t\t\t<\/div>\n\t\t\t\t\t<\/div>\n\t\t<\/div>\n\t\t\t\t\t\t\t\t<\/div>\n\t\t\t\t\t<\/div>\n\t\t<\/section>\n\t\t\t\t<section class=\"elementor-section elementor-top-section elementor-element elementor-element-c1f4bdf elementor-section-boxed elementor-section-height-default elementor-section-height-default\" data-id=\"c1f4bdf\" data-element_type=\"section\">\n\t\t\t\t\t\t<div class=\"elementor-container elementor-column-gap-default\">\n\t\t\t\t\t\t\t<div class=\"elementor-row\">\n\t\t\t\t\t<div class=\"elementor-column elementor-col-66 elementor-top-column elementor-element elementor-element-8461a7b\" data-id=\"8461a7b\" data-element_type=\"column\">\n\t\t\t<div class=\"elementor-column-wrap elementor-element-populated\">\n\t\t\t\t\t\t\t<div class=\"elementor-widget-wrap\">\n\t\t\t\t\t\t<div class=\"elementor-element elementor-element-d35bc78 elementor-widget elementor-widget-image\" data-id=\"d35bc78\" data-element_type=\"widget\" data-widget_type=\"image.default\">\n\t\t\t\t<div class=\"elementor-widget-container\">\n\t\t\t\t\t<div class=\"elementor-image\">\n\t\t\t\t\t\t\t\t\t\t<img width=\"1024\" height=\"768\" src=\"https:\/\/cryowood.de\/wp-content\/uploads\/2020\/10\/20201021_184406-1024x768.jpg\" class=\"attachment-large size-large\" alt=\"\" loading=\"lazy\" srcset=\"https:\/\/cryowood.de\/wp-content\/uploads\/2020\/10\/20201021_184406-1024x768.jpg 1024w, https:\/\/cryowood.de\/wp-content\/uploads\/2020\/10\/20201021_184406-300x225.jpg 300w, https:\/\/cryowood.de\/wp-content\/uploads\/2020\/10\/20201021_184406-768x576.jpg 768w, https:\/\/cryowood.de\/wp-content\/uploads\/2020\/10\/20201021_184406-1536x1152.jpg 1536w, https:\/\/cryowood.de\/wp-content\/uploads\/2020\/10\/20201021_184406-2048x1536.jpg 2048w\" sizes=\"(max-width: 1024px) 100vw, 1024px\" \/>\t\t\t\t\t\t\t\t\t\t\t<\/div>\n\t\t\t\t<\/div>\n\t\t\t\t<\/div>\n\t\t\t\t\t\t<\/div>\n\t\t\t\t\t<\/div>\n\t\t<\/div>\n\t\t\t\t<div class=\"elementor-column elementor-col-33 elementor-top-column elementor-element elementor-element-9622fda\" data-id=\"9622fda\" data-element_type=\"column\">\n\t\t\t<div class=\"elementor-column-wrap elementor-element-populated\">\n\t\t\t\t\t\t\t<div class=\"elementor-widget-wrap\">\n\t\t\t\t\t\t<div class=\"elementor-element elementor-element-20a51d9 elementor-widget elementor-widget-text-editor\" data-id=\"20a51d9\" data-element_type=\"widget\" data-widget_type=\"text-editor.default\">\n\t\t\t\t<div class=\"elementor-widget-container\">\n\t\t\t\t\t<div class=\"elementor-text-editor elementor-clearfix\"><h3>In Form und Farbe individuell anpassbar. Als Anh\u00e4nger an einer stilvollen Silberkette oder an einem Lederband.&nbsp; &nbsp; &nbsp; &nbsp; &nbsp; &nbsp; &nbsp; &nbsp; &nbsp; Die Silberketten k\u00f6nnen exakt auf die gew\u00fcnschte L\u00e4nge angepasst werden.&nbsp;<\/h3><\/div>\n\t\t\t\t<\/div>\n\t\t\t\t<\/div>\n\t\t\t\t\t\t<\/div>\n\t\t\t\t\t<\/div>\n\t\t<\/div>\n\t\t\t\t\t\t\t\t<\/div>\n\t\t\t\t\t<\/div>\n\t\t<\/section>\n\t\t\t\t<section class=\"elementor-section elementor-top-section elementor-element elementor-element-2d9003d elementor-section-boxed elementor-section-height-default elementor-section-height-default\" data-id=\"2d9003d\" data-element_type=\"section\">\n\t\t\t\t\t\t<div class=\"elementor-container elementor-column-gap-default\">\n\t\t\t\t\t\t\t<div class=\"elementor-row\">\n\t\t\t\t\t<div class=\"elementor-column elementor-col-33 elementor-top-column elementor-element elementor-element-0630380\" data-id=\"0630380\" data-element_type=\"column\">\n\t\t\t<div class=\"elementor-column-wrap elementor-element-populated\">\n\t\t\t\t\t\t\t<div class=\"elementor-widget-wrap\">\n\t\t\t\t\t\t<div class=\"elementor-element elementor-element-35a05eb elementor-widget elementor-widget-text-editor\" data-id=\"35a05eb\" data-element_type=\"widget\" data-widget_type=\"text-editor.default\">\n\t\t\t\t<div class=\"elementor-widget-container\">\n\t\t\t\t\t<div class=\"elementor-text-editor elementor-clearfix\"><h3>Auch super sch\u00f6n als Ohrringe mit goldenem oder silbernem Stecker. Fast alles ist m\u00f6glich, einfach \u00fcber Kontakt anfragen.\u00a0<\/h3><\/div>\n\t\t\t\t<\/div>\n\t\t\t\t<\/div>\n\t\t\t\t\t\t<\/div>\n\t\t\t\t\t<\/div>\n\t\t<\/div>\n\t\t\t\t<div class=\"elementor-column elementor-col-66 elementor-top-column elementor-element elementor-element-f88589a\" data-id=\"f88589a\" data-element_type=\"column\">\n\t\t\t<div class=\"elementor-column-wrap elementor-element-populated\">\n\t\t\t\t\t\t\t<div class=\"elementor-widget-wrap\">\n\t\t\t\t\t\t<div class=\"elementor-element elementor-element-5423655 elementor-widget elementor-widget-image\" data-id=\"5423655\" data-element_type=\"widget\" data-widget_type=\"image.default\">\n\t\t\t\t<div class=\"elementor-widget-container\">\n\t\t\t\t\t<div class=\"elementor-image\">\n\t\t\t\t\t\t\t\t\t\t<img width=\"1024\" height=\"768\" src=\"https:\/\/cryowood.de\/wp-content\/uploads\/2020\/10\/20201021_183718-1024x768.jpg\" class=\"attachment-large size-large\" alt=\"\" loading=\"lazy\" srcset=\"https:\/\/cryowood.de\/wp-content\/uploads\/2020\/10\/20201021_183718-1024x768.jpg 1024w, https:\/\/cryowood.de\/wp-content\/uploads\/2020\/10\/20201021_183718-300x225.jpg 300w, https:\/\/cryowood.de\/wp-content\/uploads\/2020\/10\/20201021_183718-768x576.jpg 768w, https:\/\/cryowood.de\/wp-content\/uploads\/2020\/10\/20201021_183718-1536x1152.jpg 1536w, https:\/\/cryowood.de\/wp-content\/uploads\/2020\/10\/20201021_183718-2048x1536.jpg 2048w\" sizes=\"(max-width: 1024px) 100vw, 1024px\" \/>\t\t\t\t\t\t\t\t\t\t\t<\/div>\n\t\t\t\t<\/div>\n\t\t\t\t<\/div>\n\t\t\t\t\t\t<\/div>\n\t\t\t\t\t<\/div>\n\t\t<\/div>\n\t\t\t\t\t\t\t\t<\/div>\n\t\t\t\t\t<\/div>\n\t\t<\/section>\n\t\t\t\t<section class=\"elementor-section elementor-top-section elementor-element elementor-element-2dd7bd4 elementor-section-boxed elementor-section-height-default elementor-section-height-default\" data-id=\"2dd7bd4\" data-element_type=\"section\">\n\t\t\t\t\t\t<div class=\"elementor-container elementor-column-gap-default\">\n\t\t\t\t\t\t\t<div class=\"elementor-row\">\n\t\t\t\t\t<div class=\"elementor-column elementor-col-100 elementor-top-column elementor-element elementor-element-f0c08ac\" data-id=\"f0c08ac\" data-element_type=\"column\">\n\t\t\t<div class=\"elementor-column-wrap elementor-element-populated\">\n\t\t\t\t\t\t\t<div class=\"elementor-widget-wrap\">\n\t\t\t\t\t\t<div class=\"elementor-element elementor-element-f2edb15 elementor-widget elementor-widget-image\" data-id=\"f2edb15\" data-element_type=\"widget\" data-widget_type=\"image.default\">\n\t\t\t\t<div class=\"elementor-widget-container\">\n\t\t\t\t\t<div class=\"elementor-image\">\n\t\t\t\t\t\t\t\t\t\t<img width=\"1024\" height=\"768\" src=\"https:\/\/cryowood.de\/wp-content\/uploads\/2020\/10\/20201021_183443-1024x768.jpg\" class=\"attachment-large size-large\" alt=\"\" loading=\"lazy\" srcset=\"https:\/\/cryowood.de\/wp-content\/uploads\/2020\/10\/20201021_183443-1024x768.jpg 1024w, https:\/\/cryowood.de\/wp-content\/uploads\/2020\/10\/20201021_183443-300x225.jpg 300w, https:\/\/cryowood.de\/wp-content\/uploads\/2020\/10\/20201021_183443-768x576.jpg 768w, https:\/\/cryowood.de\/wp-content\/uploads\/2020\/10\/20201021_183443-1536x1152.jpg 1536w, https:\/\/cryowood.de\/wp-content\/uploads\/2020\/10\/20201021_183443-2048x1536.jpg 2048w\" sizes=\"(max-width: 1024px) 100vw, 1024px\" \/>\t\t\t\t\t\t\t\t\t\t\t<\/div>\n\t\t\t\t<\/div>\n\t\t\t\t<\/div>\n\t\t\t\t\t\t<\/div>\n\t\t\t\t\t<\/div>\n\t\t<\/div>\n\t\t\t\t\t\t\t\t<\/div>\n\t\t\t\t\t<\/div>\n\t\t<\/section>\n\t\t\t\t<section class=\"elementor-section elementor-top-section elementor-element elementor-element-d6cf655 elementor-section-boxed elementor-section-height-default elementor-section-height-default\" data-id=\"d6cf655\" data-element_type=\"section\">\n\t\t\t\t\t\t<div class=\"elementor-container elementor-column-gap-default\">\n\t\t\t\t\t\t\t<div class=\"elementor-row\">\n\t\t\t\t\t<div class=\"elementor-column elementor-col-100 elementor-top-column elementor-element elementor-element-ab68c75\" data-id=\"ab68c75\" data-element_type=\"column\">\n\t\t\t<div class=\"elementor-column-wrap elementor-element-populated\">\n\t\t\t\t\t\t\t<div class=\"elementor-widget-wrap\">\n\t\t\t\t\t\t<div class=\"elementor-element elementor-element-5262045 elementor-widget elementor-widget-image\" data-id=\"5262045\" data-element_type=\"widget\" data-widget_type=\"image.default\">\n\t\t\t\t<div class=\"elementor-widget-container\">\n\t\t\t\t\t<div class=\"elementor-image\">\n\t\t\t\t\t\t\t\t\t\t<img width=\"1024\" height=\"768\" src=\"https:\/\/cryowood.de\/wp-content\/uploads\/2020\/10\/20201021_184036-1024x768.jpg\" class=\"attachment-large size-large\" alt=\"\" loading=\"lazy\" srcset=\"https:\/\/cryowood.de\/wp-content\/uploads\/2020\/10\/20201021_184036-1024x768.jpg 1024w, https:\/\/cryowood.de\/wp-content\/uploads\/2020\/10\/20201021_184036-300x225.jpg 300w, https:\/\/cryowood.de\/wp-content\/uploads\/2020\/10\/20201021_184036-768x576.jpg 768w, https:\/\/cryowood.de\/wp-content\/uploads\/2020\/10\/20201021_184036-1536x1152.jpg 1536w, https:\/\/cryowood.de\/wp-content\/uploads\/2020\/10\/20201021_184036-2048x1536.jpg 2048w\" sizes=\"(max-width: 1024px) 100vw, 1024px\" \/>\t\t\t\t\t\t\t\t\t\t\t<\/div>\n\t\t\t\t<\/div>\n\t\t\t\t<\/div>\n\t\t\t\t\t\t<\/div>\n\t\t\t\t\t<\/div>\n\t\t<\/div>\n\t\t\t\t\t\t\t\t<\/div>\n\t\t\t\t\t<\/div>\n\t\t<\/section>\n\t\t\t\t<section class=\"elementor-section elementor-top-section elementor-element elementor-element-331e576 elementor-section-boxed elementor-section-height-default elementor-section-height-default\" data-id=\"331e576\" data-element_type=\"section\">\n\t\t\t\t\t\t<div class=\"elementor-container elementor-column-gap-default\">\n\t\t\t\t\t\t\t<div class=\"elementor-row\">\n\t\t\t\t\t<div class=\"elementor-column elementor-col-100 elementor-top-column elementor-element elementor-element-110981c\" data-id=\"110981c\" data-element_type=\"column\">\n\t\t\t<div class=\"elementor-column-wrap elementor-element-populated\">\n\t\t\t\t\t\t\t<div class=\"elementor-widget-wrap\">\n\t\t\t\t\t\t<div class=\"elementor-element elementor-element-d2b803e elementor-widget elementor-widget-image\" data-id=\"d2b803e\" data-element_type=\"widget\" data-widget_type=\"image.default\">\n\t\t\t\t<div class=\"elementor-widget-container\">\n\t\t\t\t\t<div class=\"elementor-image\">\n\t\t\t\t\t\t\t\t\t\t<img width=\"1024\" height=\"768\" src=\"https:\/\/cryowood.de\/wp-content\/uploads\/2020\/10\/20201021_184255-1024x768.jpg\" class=\"attachment-large size-large\" alt=\"\" loading=\"lazy\" srcset=\"https:\/\/cryowood.de\/wp-content\/uploads\/2020\/10\/20201021_184255-1024x768.jpg 1024w, https:\/\/cryowood.de\/wp-content\/uploads\/2020\/10\/20201021_184255-300x225.jpg 300w, https:\/\/cryowood.de\/wp-content\/uploads\/2020\/10\/20201021_184255-768x576.jpg 768w, https:\/\/cryowood.de\/wp-content\/uploads\/2020\/10\/20201021_184255-1536x1152.jpg 1536w, https:\/\/cryowood.de\/wp-content\/uploads\/2020\/10\/20201021_184255-2048x1536.jpg 2048w\" sizes=\"(max-width: 1024px) 100vw, 1024px\" \/>\t\t\t\t\t\t\t\t\t\t\t<\/div>\n\t\t\t\t<\/div>\n\t\t\t\t<\/div>\n\t\t\t\t\t\t<\/div>\n\t\t\t\t\t<\/div>\n\t\t<\/div>\n\t\t\t\t\t\t\t\t<\/div>\n\t\t\t\t\t<\/div>\n\t\t<\/section>\n\t\t\t\t<section class=\"elementor-section elementor-top-section elementor-element elementor-element-9502b70 elementor-section-boxed elementor-section-height-default elementor-section-height-default\" data-id=\"9502b70\" data-element_type=\"section\">\n\t\t\t\t\t\t<div class=\"elementor-container elementor-column-gap-default\">\n\t\t\t\t\t\t\t<div class=\"elementor-row\">\n\t\t\t\t\t<div class=\"elementor-column elementor-col-100 elementor-top-column elementor-element elementor-element-4f77bbb\" data-id=\"4f77bbb\" data-element_type=\"column\">\n\t\t\t<div class=\"elementor-column-wrap elementor-element-populated\">\n\t\t\t\t\t\t\t<div class=\"elementor-widget-wrap\">\n\t\t\t\t\t\t<div class=\"elementor-element elementor-element-ef61c0a elementor-widget elementor-widget-image\" data-id=\"ef61c0a\" data-element_type=\"widget\" data-widget_type=\"image.default\">\n\t\t\t\t<div class=\"elementor-widget-container\">\n\t\t\t\t\t<div class=\"elementor-image\">\n\t\t\t\t\t\t\t\t\t\t<img width=\"1024\" height=\"768\" src=\"https:\/\/cryowood.de\/wp-content\/uploads\/2020\/10\/20201021_183628-1024x768.jpg\" class=\"attachment-large size-large\" alt=\"\" loading=\"lazy\" srcset=\"https:\/\/cryowood.de\/wp-content\/uploads\/2020\/10\/20201021_183628-1024x768.jpg 1024w, https:\/\/cryowood.de\/wp-content\/uploads\/2020\/10\/20201021_183628-300x225.jpg 300w, https:\/\/cryowood.de\/wp-content\/uploads\/2020\/10\/20201021_183628-768x576.jpg 768w, https:\/\/cryowood.de\/wp-content\/uploads\/2020\/10\/20201021_183628-1536x1152.jpg 1536w, https:\/\/cryowood.de\/wp-content\/uploads\/2020\/10\/20201021_183628-2048x1536.jpg 2048w\" sizes=\"(max-width: 1024px) 100vw, 1024px\" \/>\t\t\t\t\t\t\t\t\t\t\t<\/div>\n\t\t\t\t<\/div>\n\t\t\t\t<\/div>\n\t\t\t\t\t\t<\/div>\n\t\t\t\t\t<\/div>\n\t\t<\/div>\n\t\t\t\t\t\t\t\t<\/div>\n\t\t\t\t\t<\/div>\n\t\t<\/section>\n\t\t\t\t\t\t<\/div>\n\t\t\t\t\t\t<\/div>\n\t\t\t\t\t<\/div>\n\t\t","protected":false},"excerpt":{"rendered":"<p>In Form und Farbe individuell anpassbar. Als Anh\u00e4nger an einer stilvollen Silberkette oder an einem Lederband.&nbsp; &nbsp; &nbsp; &nbsp; &nbsp; &nbsp; &nbsp; &nbsp; &nbsp; Die Silberketten k\u00f6nnen exakt auf die gew\u00fcnschte L\u00e4nge angepasst werden.&nbsp; Auch super sch\u00f6n als Ohrringe mit goldenem oder silbernem Stecker. Fast alles ist m\u00f6glich, einfach \u00fcber Kontakt anfragen.\u00a0<\/p>\n","protected":false},"author":1,"featured_media":0,"parent":0,"menu_order":0,"comment_status":"closed","ping_status":"closed","template":"","meta":{"spay_email":""},"_links":{"self":[{"href":"https:\/\/cryowood.de\/index.php?rest_route=\/wp\/v2\/pages\/182"}],"collection":[{"href":"https:\/\/cryowood.de\/index.php?rest_route=\/wp\/v2\/pages"}],"about":[{"href":"https:\/\/cryowood.de\/index.php?rest_route=\/wp\/v2\/types\/page"}],"author":[{"embeddable":true,"href":"https:\/\/cryowood.de\/index.php?rest_route=\/wp\/v2\/users\/1"}],"replies":[{"embeddable":true,"href":"https:\/\/cryowood.de\/index.php?rest_route=%2Fwp%2Fv2%2Fcomments&post=182"}],"version-history":[{"count":3,"href":"https:\/\/cryowood.de\/index.php?rest_route=\/wp\/v2\/pages\/182\/revisions"}],"predecessor-version":[{"id":217,"href":"https:\/\/cryowood.de\/index.php?rest_route=\/wp\/v2\/pages\/182\/revisions\/217"}],"wp:attachment":[{"href":"https:\/\/cryowood.de\/index.php?rest_route=%2Fwp%2Fv2%2Fmedia&parent=182"}],"curies":[{"name":"wp","href":"https:\/\/api.w.org\/{rel}","templated":true}]}}