{"id":29,"date":"2020-10-12T19:49:14","date_gmt":"2020-10-12T19:49:14","guid":{"rendered":"http:\/\/cryowood.de\/?page_id=29"},"modified":"2020-10-21T19:17:05","modified_gmt":"2020-10-21T19:17:05","slug":"ueber-cryowood-design","status":"publish","type":"page","link":"https:\/\/cryowood.de\/?page_id=29","title":{"rendered":"CRYOWOOD design"},"content":{"rendered":"\t\t<div data-elementor-type=\"wp-page\" data-elementor-id=\"29\" class=\"elementor elementor-29\" data-elementor-settings=\"[]\">\n\t\t\t\t\t\t<div class=\"elementor-inner\">\n\t\t\t\t\t\t\t<div class=\"elementor-section-wrap\">\n\t\t\t\t\t\t\t<section class=\"elementor-section elementor-top-section elementor-element elementor-element-4520013 elementor-section-boxed elementor-section-height-default elementor-section-height-default\" data-id=\"4520013\" data-element_type=\"section\">\n\t\t\t\t\t\t<div class=\"elementor-container elementor-column-gap-default\">\n\t\t\t\t\t\t\t<div class=\"elementor-row\">\n\t\t\t\t\t<div class=\"elementor-column elementor-col-100 elementor-top-column elementor-element elementor-element-08133fd\" data-id=\"08133fd\" data-element_type=\"column\">\n\t\t\t<div class=\"elementor-column-wrap elementor-element-populated\">\n\t\t\t\t\t\t\t<div class=\"elementor-widget-wrap\">\n\t\t\t\t\t\t<div class=\"elementor-element elementor-element-e9a43d4 elementor-widget elementor-widget-heading\" data-id=\"e9a43d4\" data-element_type=\"widget\" data-widget_type=\"heading.default\">\n\t\t\t\t<div class=\"elementor-widget-container\">\n\t\t\t<h2 class=\"elementor-heading-title elementor-size-default\">\u00fcber CRYOWOOD<\/h2>\t\t<\/div>\n\t\t\t\t<\/div>\n\t\t\t\t<div class=\"elementor-element elementor-element-09eab3d elementor-widget elementor-widget-text-editor\" data-id=\"09eab3d\" data-element_type=\"widget\" data-widget_type=\"text-editor.default\">\n\t\t\t\t<div class=\"elementor-widget-container\">\n\t\t\t\t\t<div class=\"elementor-text-editor elementor-clearfix\"><p>CRYOWOOD design hat sich als Ziel gesetzt, eine Symbiose aus nat\u00fcrlichen Holz und industriellem Stahl mit neuster Elektronik zu erschaffen.\u00a0<span style=\"color: var( --e-global-color-text ); font-family: var( --e-global-typography-text-font-family ); font-weight: var( --e-global-typography-text-font-weight );\">Dabei gilt es keine Kompromisse einzugehen und h\u00f6chste Qualit\u00e4t von Material und handwerklichem K\u00f6nnen zu bieten.<\/span><\/p><p>Wir nutzen daf\u00fcr Lieferanten aus Deutschland und verarbeiten Harze, hochwertige und seltene H\u00f6lzer und Stahl.\u00a0<span style=\"color: var( --e-global-color-text ); font-family: var( --e-global-typography-text-font-family ); font-weight: var( --e-global-typography-text-font-weight );\">Der Schwerpunkt liegt im Design der Lampen und Leuchten und in der Entwicklung der Steuerungen der LED Beleuchtung, um sowohl hoch effiziente als auch sensationelle Lichteffekte zu erschaffen. Durch die hochmodernen programmierbaren LED sind nahezu alle denkbaren Effekte und Farben m\u00f6glich um bestimmte Emotionen zu wecken.\u00a0<\/span><span style=\"color: var( --e-global-color-text ); font-family: var( --e-global-typography-text-font-family ); font-weight: var( --e-global-typography-text-font-weight );\">Durch die selbst entwickelten und vernetzten Steuerungen sind unteranderem Gestensteuerung, Alexa Sprachsteuerung, 433MHz Funkschalter und Steuerung \u00fcber Touchscreen Displays m\u00f6glich.<\/span><\/p><p>CRYOWOOD design, das sind Nadine und Ralf, beide anfang 30 haben sie sich gesucht und gefunden. Mit ihrem neu gegr\u00fcndeten Unternehmen leben sie ihre Detailverliebtheit in vollen Z\u00fcgen aus und designen zusammen Hybriden aus Kunstwerk und Funktion. Dabei steht als oberstes Ziel die Zufriedenheit der Kunden.<\/p><\/div>\n\t\t\t\t<\/div>\n\t\t\t\t<\/div>\n\t\t\t\t\t\t<\/div>\n\t\t\t\t\t<\/div>\n\t\t<\/div>\n\t\t\t\t\t\t\t\t<\/div>\n\t\t\t\t\t<\/div>\n\t\t<\/section>\n\t\t\t\t<section class=\"elementor-section elementor-top-section elementor-element elementor-element-de7fb96 elementor-section-boxed elementor-section-height-default elementor-section-height-default\" data-id=\"de7fb96\" data-element_type=\"section\">\n\t\t\t\t\t\t<div class=\"elementor-container elementor-column-gap-default\">\n\t\t\t\t\t\t\t<div class=\"elementor-row\">\n\t\t\t\t\t<div class=\"elementor-column elementor-col-100 elementor-top-column elementor-element elementor-element-0dc0d33\" data-id=\"0dc0d33\" data-element_type=\"column\">\n\t\t\t<div class=\"elementor-column-wrap elementor-element-populated\">\n\t\t\t\t\t\t\t<div class=\"elementor-widget-wrap\">\n\t\t\t\t\t\t<div class=\"elementor-element elementor-element-58da9c2 elementor-widget elementor-widget-image\" data-id=\"58da9c2\" data-element_type=\"widget\" data-widget_type=\"image.default\">\n\t\t\t\t<div class=\"elementor-widget-container\">\n\t\t\t\t\t<div class=\"elementor-image\">\n\t\t\t\t\t\t\t\t\t\t<img width=\"1024\" height=\"631\" src=\"https:\/\/cryowood.de\/wp-content\/uploads\/2020\/10\/selective-focus-photography-of-water-globe-with-tree-1046209-1024x631.jpg\" class=\"attachment-large size-large\" alt=\"\" loading=\"lazy\" srcset=\"https:\/\/cryowood.de\/wp-content\/uploads\/2020\/10\/selective-focus-photography-of-water-globe-with-tree-1046209-1024x631.jpg 1024w, https:\/\/cryowood.de\/wp-content\/uploads\/2020\/10\/selective-focus-photography-of-water-globe-with-tree-1046209-300x185.jpg 300w, https:\/\/cryowood.de\/wp-content\/uploads\/2020\/10\/selective-focus-photography-of-water-globe-with-tree-1046209-768x473.jpg 768w, https:\/\/cryowood.de\/wp-content\/uploads\/2020\/10\/selective-focus-photography-of-water-globe-with-tree-1046209-2048x1261.jpg 2048w\" sizes=\"(max-width: 1024px) 100vw, 1024px\" \/>\t\t\t\t\t\t\t\t\t\t\t<\/div>\n\t\t\t\t<\/div>\n\t\t\t\t<\/div>\n\t\t\t\t\t\t<\/div>\n\t\t\t\t\t<\/div>\n\t\t<\/div>\n\t\t\t\t\t\t\t\t<\/div>\n\t\t\t\t\t<\/div>\n\t\t<\/section>\n\t\t\t\t\t\t<\/div>\n\t\t\t\t\t\t<\/div>\n\t\t\t\t\t<\/div>\n\t\t","protected":false},"excerpt":{"rendered":"<p>\u00fcber CRYOWOOD CRYOWOOD design hat sich als Ziel gesetzt, eine Symbiose aus nat\u00fcrlichen Holz und industriellem Stahl mit neuster Elektronik zu erschaffen.&nbsp;Dabei gilt es keine Kompromisse einzugehen und h\u00f6chste Qualit\u00e4t von Material und handwerklichem K\u00f6nnen zu bieten. Wir nutzen daf\u00fcr Lieferanten aus Deutschland und verarbeiten Harze, hochwertige und seltene H\u00f6lzer und Stahl.&nbsp;Der Schwerpunkt liegt im [&hellip;]<\/p>\n","protected":false},"author":1,"featured_media":0,"parent":0,"menu_order":0,"comment_status":"closed","ping_status":"closed","template":"","meta":{"spay_email":""},"_links":{"self":[{"href":"https:\/\/cryowood.de\/index.php?rest_route=\/wp\/v2\/pages\/29"}],"collection":[{"href":"https:\/\/cryowood.de\/index.php?rest_route=\/wp\/v2\/pages"}],"about":[{"href":"https:\/\/cryowood.de\/index.php?rest_route=\/wp\/v2\/types\/page"}],"author":[{"embeddable":true,"href":"https:\/\/cryowood.de\/index.php?rest_route=\/wp\/v2\/users\/1"}],"replies":[{"embeddable":true,"href":"https:\/\/cryowood.de\/index.php?rest_route=%2Fwp%2Fv2%2Fcomments&post=29"}],"version-history":[{"count":11,"href":"https:\/\/cryowood.de\/index.php?rest_route=\/wp\/v2\/pages\/29\/revisions"}],"predecessor-version":[{"id":176,"href":"https:\/\/cryowood.de\/index.php?rest_route=\/wp\/v2\/pages\/29\/revisions\/176"}],"wp:attachment":[{"href":"https:\/\/cryowood.de\/index.php?rest_route=%2Fwp%2Fv2%2Fmedia&parent=29"}],"curies":[{"name":"wp","href":"https:\/\/api.w.org\/{rel}","templated":true}]}}